{"id":109,"date":"2020-01-28T12:43:49","date_gmt":"2020-01-28T12:43:49","guid":{"rendered":"http:\/\/localhost\/apark\/espana\/politica-de-privacidade\/"},"modified":"2023-07-13T17:10:14","modified_gmt":"2023-07-13T17:10:14","slug":"politica-de-privacidad","status":"publish","type":"page","link":"https:\/\/www.a-park.eu\/spain\/politica-de-privacidad\/","title":{"rendered":"Pol\u00edtica de privacidad"},"content":{"rendered":"\n<p class=\"has-large-font-size\"><strong>Qui\u00e9nes somos?<\/strong><\/p>\n\n\n\n<p><strong>Comentarios<\/strong><\/p>\n\n\n\n<p>Nuestra web es: http:\/\/localhost:3000:3000\/apark<\/p>\n\n\n\n<p><strong>Qu\u00e9 informaci\u00f3n personal es recolectada y por qu\u00e9?<\/strong><\/p>\n\n\n\n<p>Cuando los visitants dejan comentarios en la web, los datos presentes en el formulario de comentarios, as\u00ed como la direcci\u00f3n IP y el Usuario del navegador, son almacenados para ayudar en la detecci\u00f3n de spam.<\/p>\n\n\n\n<p>Una cadena an\u00f3nima de c\u00f3digo creada desde tu direcci\u00f3n de email (tambi\u00e9n llamada hash) puede ser enviada al servicio Gravatar para verificar que tu est\u00e1s utiliz\u00e1ndolo. La pol\u00edtica de privacidad del servicio Gravatar est\u00e1 disponible aqu\u00ed:<br>https:\/\/automattic.com\/privacy\/.<\/p>\n\n\n\n<p>Cuando tu comentario es aprovado, tu foto de perfil es visible al p\u00fablico en el context de tu comentario.<\/p>\n\n\n\n<p><strong>Multimedia<\/strong><\/p>\n\n\n\n<p>Cuando se suben im\u00e1genes a la web, debes evitar subir im\u00e1genes con datos de geolocalizaci\u00f3n incrustada (EXIF GPS).<\/p>\n\n\n\n<p>Los visitants pueden descargar y extraer datos de geolocalizaci\u00f3n de las im\u00e1genes de la web.<\/p>\n\n\n\n<p><strong>Formularios de Contacto<\/strong><\/p>\n\n\n\n<p>Cookies. Si dejas un comentario en nuestra web puedes elegir gusrdar tu nombre, direcci\u00f3n de email y website en cookies. Esto es para tu comodidad, para no tener que introducer tus datos de nuevo cada vez que dejes otro comentario. Estas cookies permanecen durante un a\u00f1o.<\/p>\n\n\n\n<p>Si visitas la p\u00e1gina de acceso, una cookie temporal se crea para determinar si tu navegador acepta o no cookies.<\/p>\n\n\n\n<p>Esta cookie no contiene datos personales y ser\u00e1 eliminada cuando cierres tu navegador. Cuando accedes, algunas cookies se crean para guardar tu informaci\u00f3n de session y tus preferencias sobre lo que se muestra en la pantalla.<\/p>\n\n\n\n<p>Las cookies de acceso duran un a\u00f1o. Si seleccionas \u201cRecordarme\u201d, tu acceso dura 2 semanas. Cuando te desconectas, las cookies de acceso son eliminadas.<\/p>\n\n\n\n<p>Si editas o publicas un art\u00edculo, una cookie adicional ser\u00e1 guardada en tu navegador. Esta cookie no incluye informaci\u00f3n personal, s\u00f3lo indica el contenido ID del art\u00edculo que has editado. Caduca en 1 d\u00eda.<\/p>\n\n\n\n<p>El contenido incrustado de los art\u00edculos de otra web en este sitio puede incluir contenido incrustado (ej. Videos, im\u00e1genes, art\u00edculos, etc.)<\/p>\n\n\n\n<p><strong>El contenido incrustado de otros sitios web se comporta como si el usuario visitara esos sitios web.<\/strong><\/p>\n\n\n\n<p>El contenido incrustado de otros sitios web se comporta como si el usuario visitara esos sitios web. Este sitio puede recopilar datos sobre ti, utilizar cookies, incorporar seguimiento de terceros, monitorear tus interacciones con \u00e9l, incluyendo la grabaci\u00f3n de interacciones con contenido incrustado si tienes una cuenta y est\u00e1s conectado a ese sitio.<\/p>\n\n\n\n<p><strong>Con qui\u00e9n se comparten tus datos<\/strong><\/p>\n\n\n\n<p>Cu\u00e1nto tiempo se retienen tus datos.<\/p>\n\n\n\n<p>Si dejas un comentario, el comentario y sus metadatos se guardan indefinidamente.<\/p>\n\n\n\n<p>Esto es para que cualquier comentario de seguimiento pueda ser reconocido y aprobado autom\u00e1ticamente, en lugar de ponerlos en una cola de moderaci\u00f3n.<\/p>\n\n\n\n<p>Para los usuarios que se registran en nuestro sitio web (si los hay), almacenamos la informaci\u00f3n personal proporcionada en su perfil de usuario. Todos los usuarios pueden ver, editar o eliminar su informaci\u00f3n personal en cualquier momento (con la excepci\u00f3n de no poder cambiar su nombre de usuario). Los administradores del sitio tambi\u00e9n pueden ver y editar esta informaci\u00f3n.<\/p>\n\n\n\n<p>Qu\u00e9 derechos tienes sobre tus datos. Si tienes una cuenta en este sitio o has dejado comentarios, puedes solicitar recibir un archivo de exportaci\u00f3n de los datos personales que se tienen sobre ti, incluyendo cualquier dato personal que hayas proporcionado. Tambi\u00e9n puedes solicitar que se eliminen los datos guardados. Esto no incluye ning\u00fan dato personal que se requiera mantener por razones administrativas, legales o de seguridad.<\/p>\n\n\n\n<p><strong>D\u00f3nde se env\u00edan tus datos<\/strong><\/p>\n\n\n\n<p>Los comentarios de los visitantes pueden ser revisados a trav\u00e9s de un servicio autom\u00e1tico de detecci\u00f3n de spam.<\/p>\n\n\n\n<p>Tu informaci\u00f3n de contacto<\/p>\n\n\n\n<p>Informaci\u00f3n adicional<\/p>\n\n\n\n<p>C\u00f3mo se protegen tus datos<\/p>\n\n\n\n<p>Procedimientos en caso de una violaci\u00f3n de datos.<\/p>\n\n\n\n<p>\u00bfDe qu\u00e9 terceros recibimos datos?<\/p>\n\n\n\n<p>Qu\u00e9 decisiones y\/o perfiles automatizados hacemos con los datos del usuario<\/p>\n\n\n\n<p>Requisitos de informes del sector regulado.<\/p>\n\n\n<p><!--EndFragment--><\/p>","protected":false},"excerpt":{"rendered":"<p>Qui\u00e9nes somos? Comentarios Nuestra web es: http:\/\/localhost:3000:3000\/apark Qu\u00e9 informaci\u00f3n personal es recolectada y por qu\u00e9? Cuando los visitants dejan comentarios en la web, los datos presentes en el formulario de comentarios, as\u00ed como la direcci\u00f3n IP y el Usuario del navegador, son almacenados para ayudar en la detecci\u00f3n de spam. Una cadena an\u00f3nima de c\u00f3digo <a class=\"read_more\" href=\"https:\/\/www.a-park.eu\/spain\/politica-de-privacidad\/\"> do whatever you want to update<\/a><\/p>\n","protected":false},"author":1,"featured_media":0,"parent":0,"menu_order":0,"comment_status":"closed","ping_status":"closed","template":"","meta":[],"acf":[],"yoast_head":"<!-- This site is optimized with the Yoast SEO plugin v20.4 - https:\/\/yoast.com\/wordpress\/plugins\/seo\/ -->\n<title>Pol\u00edtica de privacidad - A | Park - Espa\u00f1a<\/title>\n<meta name=\"robots\" content=\"index, follow, max-snippet:-1, max-image-preview:large, max-video-preview:-1\" \/>\n<link rel=\"canonical\" href=\"https:\/\/www.a-park.eu\/spain\/politica-de-privacidad\/\" \/>\n<meta property=\"og:locale\" content=\"es_ES\" \/>\n<meta property=\"og:type\" content=\"article\" \/>\n<meta property=\"og:title\" content=\"Pol\u00edtica de privacidad - A | Park - Espa\u00f1a\" \/>\n<meta property=\"og:description\" content=\"Qui\u00e9nes somos? Comentarios Nuestra web es: http:\/\/localhost:3000:3000\/apark Qu\u00e9 informaci\u00f3n personal es recolectada y por qu\u00e9? Cuando los visitants dejan comentarios en la web, los datos presentes en el formulario de comentarios, as\u00ed como la direcci\u00f3n IP y el Usuario del navegador, son almacenados para ayudar en la detecci\u00f3n de spam. Una cadena an\u00f3nima de c\u00f3digo do whatever you want to update\" \/>\n<meta property=\"og:url\" content=\"https:\/\/www.a-park.eu\/spain\/politica-de-privacidad\/\" \/>\n<meta property=\"og:site_name\" content=\"A | Park - Espa\u00f1a\" \/>\n<meta property=\"article:modified_time\" content=\"2023-07-13T17:10:14+00:00\" \/>\n<meta name=\"twitter:card\" content=\"summary_large_image\" \/>\n<meta name=\"twitter:label1\" content=\"Tiempo de lectura\" \/>\n\t<meta name=\"twitter:data1\" content=\"3 minutos\" \/>\n<script type=\"application\/ld+json\" class=\"yoast-schema-graph\">{\"@context\":\"https:\/\/schema.org\",\"@graph\":[{\"@type\":\"WebPage\",\"@id\":\"https:\/\/www.a-park.eu\/spain\/politica-de-privacidad\/\",\"url\":\"https:\/\/www.a-park.eu\/spain\/politica-de-privacidad\/\",\"name\":\"Pol\u00edtica de privacidad - A | Park - Espa\u00f1a\",\"isPartOf\":{\"@id\":\"https:\/\/www.a-park.eu\/spain\/#website\"},\"datePublished\":\"2020-01-28T12:43:49+00:00\",\"dateModified\":\"2023-07-13T17:10:14+00:00\",\"breadcrumb\":{\"@id\":\"https:\/\/www.a-park.eu\/spain\/politica-de-privacidad\/#breadcrumb\"},\"inLanguage\":\"es\",\"potentialAction\":[{\"@type\":\"ReadAction\",\"target\":[\"https:\/\/www.a-park.eu\/spain\/politica-de-privacidad\/\"]}]},{\"@type\":\"BreadcrumbList\",\"@id\":\"https:\/\/www.a-park.eu\/spain\/politica-de-privacidad\/#breadcrumb\",\"itemListElement\":[{\"@type\":\"ListItem\",\"position\":1,\"name\":\"In\u00edcio\",\"item\":\"https:\/\/www.a-park.eu\/spain\/\"},{\"@type\":\"ListItem\",\"position\":2,\"name\":\"Pol\u00edtica de privacidad\"}]},{\"@type\":\"WebSite\",\"@id\":\"https:\/\/www.a-park.eu\/spain\/#website\",\"url\":\"https:\/\/www.a-park.eu\/spain\/\",\"name\":\"A | Park - Espa\u00f1a\",\"description\":\"Mais um site Multisites A | Park\",\"publisher\":{\"@id\":\"https:\/\/www.a-park.eu\/spain\/#organization\"},\"potentialAction\":[{\"@type\":\"SearchAction\",\"target\":{\"@type\":\"EntryPoint\",\"urlTemplate\":\"https:\/\/www.a-park.eu\/spain\/?s={search_term_string}\"},\"query-input\":\"required name=search_term_string\"}],\"inLanguage\":\"es\"},{\"@type\":\"Organization\",\"@id\":\"https:\/\/www.a-park.eu\/spain\/#organization\",\"name\":\"A | Park - Espa\u00f1a\",\"url\":\"https:\/\/www.a-park.eu\/spain\/\",\"logo\":{\"@type\":\"ImageObject\",\"inLanguage\":\"es\",\"@id\":\"https:\/\/www.a-park.eu\/spain\/#\/schema\/logo\/image\/\",\"url\":\"https:\/\/www.a-park.eu\/spain\/wp-content\/uploads\/sites\/2\/2020\/12\/Logo-Apark-1.svg\",\"contentUrl\":\"https:\/\/www.a-park.eu\/spain\/wp-content\/uploads\/sites\/2\/2020\/12\/Logo-Apark-1.svg\",\"caption\":\"A | Park - Espa\u00f1a\"},\"image\":{\"@id\":\"https:\/\/www.a-park.eu\/spain\/#\/schema\/logo\/image\/\"}}]}<\/script>\n<!-- \/ Yoast SEO plugin. -->","yoast_head_json":{"title":"Pol\u00edtica de privacidad - A | Park - Espa\u00f1a","robots":{"index":"index","follow":"follow","max-snippet":"max-snippet:-1","max-image-preview":"max-image-preview:large","max-video-preview":"max-video-preview:-1"},"canonical":"https:\/\/www.a-park.eu\/spain\/politica-de-privacidad\/","og_locale":"es_ES","og_type":"article","og_title":"Pol\u00edtica de privacidad - A | Park - Espa\u00f1a","og_description":"Qui\u00e9nes somos? Comentarios Nuestra web es: http:\/\/localhost:3000:3000\/apark Qu\u00e9 informaci\u00f3n personal es recolectada y por qu\u00e9? Cuando los visitants dejan comentarios en la web, los datos presentes en el formulario de comentarios, as\u00ed como la direcci\u00f3n IP y el Usuario del navegador, son almacenados para ayudar en la detecci\u00f3n de spam. Una cadena an\u00f3nima de c\u00f3digo do whatever you want to update","og_url":"https:\/\/www.a-park.eu\/spain\/politica-de-privacidad\/","og_site_name":"A | Park - Espa\u00f1a","article_modified_time":"2023-07-13T17:10:14+00:00","twitter_card":"summary_large_image","twitter_misc":{"Tiempo de lectura":"3 minutos"},"schema":{"@context":"https:\/\/schema.org","@graph":[{"@type":"WebPage","@id":"https:\/\/www.a-park.eu\/spain\/politica-de-privacidad\/","url":"https:\/\/www.a-park.eu\/spain\/politica-de-privacidad\/","name":"Pol\u00edtica de privacidad - A | Park - Espa\u00f1a","isPartOf":{"@id":"https:\/\/www.a-park.eu\/spain\/#website"},"datePublished":"2020-01-28T12:43:49+00:00","dateModified":"2023-07-13T17:10:14+00:00","breadcrumb":{"@id":"https:\/\/www.a-park.eu\/spain\/politica-de-privacidad\/#breadcrumb"},"inLanguage":"es","potentialAction":[{"@type":"ReadAction","target":["https:\/\/www.a-park.eu\/spain\/politica-de-privacidad\/"]}]},{"@type":"BreadcrumbList","@id":"https:\/\/www.a-park.eu\/spain\/politica-de-privacidad\/#breadcrumb","itemListElement":[{"@type":"ListItem","position":1,"name":"In\u00edcio","item":"https:\/\/www.a-park.eu\/spain\/"},{"@type":"ListItem","position":2,"name":"Pol\u00edtica de privacidad"}]},{"@type":"WebSite","@id":"https:\/\/www.a-park.eu\/spain\/#website","url":"https:\/\/www.a-park.eu\/spain\/","name":"A | Park - Espa\u00f1a","description":"Mais um site Multisites A | Park","publisher":{"@id":"https:\/\/www.a-park.eu\/spain\/#organization"},"potentialAction":[{"@type":"SearchAction","target":{"@type":"EntryPoint","urlTemplate":"https:\/\/www.a-park.eu\/spain\/?s={search_term_string}"},"query-input":"required name=search_term_string"}],"inLanguage":"es"},{"@type":"Organization","@id":"https:\/\/www.a-park.eu\/spain\/#organization","name":"A | Park - Espa\u00f1a","url":"https:\/\/www.a-park.eu\/spain\/","logo":{"@type":"ImageObject","inLanguage":"es","@id":"https:\/\/www.a-park.eu\/spain\/#\/schema\/logo\/image\/","url":"https:\/\/www.a-park.eu\/spain\/wp-content\/uploads\/sites\/2\/2020\/12\/Logo-Apark-1.svg","contentUrl":"https:\/\/www.a-park.eu\/spain\/wp-content\/uploads\/sites\/2\/2020\/12\/Logo-Apark-1.svg","caption":"A | Park - Espa\u00f1a"},"image":{"@id":"https:\/\/www.a-park.eu\/spain\/#\/schema\/logo\/image\/"}}]}},"_links":{"self":[{"href":"https:\/\/www.a-park.eu\/spain\/wp-json\/wp\/v2\/pages\/109"}],"collection":[{"href":"https:\/\/www.a-park.eu\/spain\/wp-json\/wp\/v2\/pages"}],"about":[{"href":"https:\/\/www.a-park.eu\/spain\/wp-json\/wp\/v2\/types\/page"}],"author":[{"embeddable":true,"href":"https:\/\/www.a-park.eu\/spain\/wp-json\/wp\/v2\/users\/1"}],"replies":[{"embeddable":true,"href":"https:\/\/www.a-park.eu\/spain\/wp-json\/wp\/v2\/comments?post=109"}],"version-history":[{"count":3,"href":"https:\/\/www.a-park.eu\/spain\/wp-json\/wp\/v2\/pages\/109\/revisions"}],"predecessor-version":[{"id":6304,"href":"https:\/\/www.a-park.eu\/spain\/wp-json\/wp\/v2\/pages\/109\/revisions\/6304"}],"wp:attachment":[{"href":"https:\/\/www.a-park.eu\/spain\/wp-json\/wp\/v2\/media?parent=109"}],"curies":[{"name":"wp","href":"https:\/\/api.w.org\/{rel}","templated":true}]}}